{"id":161,"date":"2023-03-24T07:28:48","date_gmt":"2023-03-24T07:28:48","guid":{"rendered":"http:\/\/antofanor.cl\/?page_id=161"},"modified":"2023-11-19T13:34:42","modified_gmt":"2023-11-19T13:34:42","slug":"services-solutions","status":"publish","type":"page","link":"https:\/\/antofanor.cl\/es\/services-solutions\/","title":{"rendered":"Servicios y Soluciones"},"content":{"rendered":"<div data-elementor-type=\"wp-page\" data-elementor-id=\"161\" class=\"elementor elementor-161\" data-elementor-post-type=\"page\">\n\t\t\t\t\t\t<section class=\"elementor-section elementor-top-section elementor-element elementor-element-5e94dcf elementor-section-full_width elementor-section-height-min-height elementor-section-height-default elementor-section-items-middle\" data-id=\"5e94dcf\" data-element_type=\"section\" data-settings=\"{&quot;background_background&quot;:&quot;classic&quot;}\">\n\t\t\t\t\t\t\t<div class=\"elementor-background-overlay\"><\/div>\n\t\t\t\t\t\t\t<div class=\"elementor-container elementor-column-gap-default\">\n\t\t\t\t\t<div class=\"elementor-column elementor-col-100 elementor-top-column elementor-element elementor-element-819fc9a\" data-id=\"819fc9a\" data-element_type=\"column\">\n\t\t\t<div class=\"elementor-widget-wrap elementor-element-populated\">\n\t\t\t\t\t\t<section class=\"elementor-section elementor-inner-section elementor-element elementor-element-c05c783 elementor-section-full_width elementor-section-height-default elementor-section-height-default\" data-id=\"c05c783\" data-element_type=\"section\">\n\t\t\t\t\t\t<div class=\"elementor-container elementor-column-gap-default\">\n\t\t\t\t\t<div class=\"elementor-column elementor-col-50 elementor-inner-column elementor-element elementor-element-13caf2a\" data-id=\"13caf2a\" data-element_type=\"column\">\n\t\t\t<div class=\"elementor-widget-wrap elementor-element-populated\">\n\t\t\t\t\t\t<div class=\"elementor-element elementor-element-6512c96 elementor-hidden-desktop elementor-hidden-tablet elementor-widget elementor-widget-image\" data-id=\"6512c96\" data-element_type=\"widget\" data-widget_type=\"image.default\">\n\t\t\t\t<div class=\"elementor-widget-container\">\n\t\t\t\t\t\t\t\t\t\t\t\t\t\t\t<img fetchpriority=\"high\" decoding=\"async\" width=\"1380\" height=\"920\" src=\"https:\/\/antofanor.cl\/wp-content\/uploads\/2023\/11\/three-people-discussing-plan-factory_1303-30622.jpg\" class=\"attachment-full size-full wp-image-653\" alt=\"\" srcset=\"https:\/\/antofanor.cl\/wp-content\/uploads\/2023\/11\/three-people-discussing-plan-factory_1303-30622.jpg 1380w, https:\/\/antofanor.cl\/wp-content\/uploads\/2023\/11\/three-people-discussing-plan-factory_1303-30622-300x200.jpg 300w, https:\/\/antofanor.cl\/wp-content\/uploads\/2023\/11\/three-people-discussing-plan-factory_1303-30622-1024x683.jpg 1024w, https:\/\/antofanor.cl\/wp-content\/uploads\/2023\/11\/three-people-discussing-plan-factory_1303-30622-768x512.jpg 768w, https:\/\/antofanor.cl\/wp-content\/uploads\/2023\/11\/three-people-discussing-plan-factory_1303-30622-18x12.jpg 18w\" sizes=\"(max-width: 1380px) 100vw, 1380px\" \/>\t\t\t\t\t\t\t\t\t\t\t\t\t\t\t<\/div>\n\t\t\t\t<\/div>\n\t\t\t\t\t<\/div>\n\t\t<\/div>\n\t\t\t\t<div class=\"elementor-column elementor-col-50 elementor-inner-column elementor-element elementor-element-dc48ff5\" data-id=\"dc48ff5\" data-element_type=\"column\" data-settings=\"{&quot;background_background&quot;:&quot;classic&quot;}\">\n\t\t\t<div class=\"elementor-widget-wrap elementor-element-populated\">\n\t\t\t\t\t\t<div class=\"elementor-element elementor-element-b473881 elementor-widget elementor-widget-heading\" data-id=\"b473881\" data-element_type=\"widget\" data-widget_type=\"heading.default\">\n\t\t\t\t<div class=\"elementor-widget-container\">\n\t\t\t\t\t<h2 class=\"elementor-heading-title elementor-size-default\">Servicios y Soluciones<\/h2>\t\t\t\t<\/div>\n\t\t\t\t<\/div>\n\t\t\t\t<div class=\"elementor-element elementor-element-070470d elementor-widget elementor-widget-text-editor\" data-id=\"070470d\" data-element_type=\"widget\" data-widget_type=\"text-editor.default\">\n\t\t\t\t<div class=\"elementor-widget-container\">\n\t\t\t\t\t\t\t\t\tServicio de asesoramiento | Abastecimiento | Gesti\u00f3n del ciclo de vida | Ingenier\u00eda\t\t\t\t\t\t\t\t<\/div>\n\t\t\t\t<\/div>\n\t\t\t\t<div class=\"elementor-element elementor-element-4af861f elementor-widget elementor-widget-text-editor\" data-id=\"4af861f\" data-element_type=\"widget\" data-widget_type=\"text-editor.default\">\n\t\t\t\t<div class=\"elementor-widget-container\">\n\t\t\t\t\t\t\t\t\t<p>Aprovechando la experiencia de Antofanor, su amplia red de fabricantes acreditados y sus sistemas innovadores, ofrecemos asesoramiento imparcial y servicios de ingenier\u00eda de primer nivel a nuestros clientes durante las etapas de evaluaci\u00f3n de conceptos, productos y sistemas. Nuestra h\u00e1bil navegaci\u00f3n a trav\u00e9s del panorama de proveedores garantiza un abastecimiento eficiente y seguimos participando activamente en la supervisi\u00f3n de los productos suministrados durante toda la fase operativa.<\/p>\t\t\t\t\t\t\t\t<\/div>\n\t\t\t\t<\/div>\n\t\t\t\t\t<\/div>\n\t\t<\/div>\n\t\t\t\t\t<\/div>\n\t\t<\/section>\n\t\t\t\t\t<\/div>\n\t\t<\/div>\n\t\t\t\t\t<\/div>\n\t\t<\/section>\n\t\t\t\t<section class=\"elementor-section elementor-top-section elementor-element elementor-element-4cfa3b9 elementor-section-boxed elementor-section-height-default elementor-section-height-default\" data-id=\"4cfa3b9\" data-element_type=\"section\">\n\t\t\t\t\t\t<div class=\"elementor-container elementor-column-gap-default\">\n\t\t\t\t\t<div class=\"elementor-column elementor-col-33 elementor-top-column elementor-element elementor-element-3ea1893\" data-id=\"3ea1893\" data-element_type=\"column\">\n\t\t\t<div class=\"elementor-widget-wrap\">\n\t\t\t\t\t\t\t<\/div>\n\t\t<\/div>\n\t\t\t\t<div class=\"elementor-column elementor-col-33 elementor-top-column elementor-element elementor-element-108550c\" data-id=\"108550c\" data-element_type=\"column\">\n\t\t\t<div class=\"elementor-widget-wrap elementor-element-populated\">\n\t\t\t\t\t\t<div class=\"elementor-element elementor-element-93b9577 elementor-widget elementor-widget-heading\" data-id=\"93b9577\" data-element_type=\"widget\" data-widget_type=\"heading.default\">\n\t\t\t\t<div class=\"elementor-widget-container\">\n\t\t\t\t\t<h2 class=\"elementor-heading-title elementor-size-default\">Ingenier\u00eda<\/h2>\t\t\t\t<\/div>\n\t\t\t\t<\/div>\n\t\t\t\t<div class=\"elementor-element elementor-element-164b6f2 elementor-widget elementor-widget-text-editor\" data-id=\"164b6f2\" data-element_type=\"widget\" data-widget_type=\"text-editor.default\">\n\t\t\t\t<div class=\"elementor-widget-container\">\n\t\t\t\t\t\t\t\t\t<p>Mejore el valor de sus relaciones con los proveedores seleccionando un socio que contextualice los productos dentro de los sistemas, brindando una perspectiva hol\u00edstica sobre su integraci\u00f3n y funcionalidad.<\/p>\t\t\t\t\t\t\t\t<\/div>\n\t\t\t\t<\/div>\n\t\t\t\t<div class=\"elementor-element elementor-element-d4ea8ca elementor-widget elementor-widget-text-editor\" data-id=\"d4ea8ca\" data-element_type=\"widget\" data-widget_type=\"text-editor.default\">\n\t\t\t\t<div class=\"elementor-widget-container\">\n\t\t\t\t\t\t\t\t\t<p>Antofanor alivia la carga de sus recursos de ingenier\u00eda, ya sea a trav\u00e9s de nuestra experiencia interna o de recursos de dominio especializados, al asumir responsabilidades de ingenier\u00eda y sistemas.<\/p><p>Tener acceso directo a fabricantes competentes y la capacidad de dise\u00f1ar elementos como v\u00e1lvulas y paneles de control nos permite optimizar las soluciones de v\u00e1lvulas espec\u00edficamente para su aplicaci\u00f3n. La fusi\u00f3n de la competencia y capacidades de Antofanor en medici\u00f3n, v\u00e1lvulas y analizadores en l\u00ednea garantiza soluciones fiscales integradas y optimizadas.<\/p><p>Adem\u00e1s, nuestras fortalezas internas en ingenier\u00eda y fabricaci\u00f3n de umbilicales, junto con asociaciones estrat\u00e9gicas, nos permiten personalizar los dise\u00f1os de umbilicales con precisi\u00f3n para satisfacer sus necesidades.<\/p>\t\t\t\t\t\t\t\t<\/div>\n\t\t\t\t<\/div>\n\t\t\t\t\t<\/div>\n\t\t<\/div>\n\t\t\t\t<div class=\"elementor-column elementor-col-33 elementor-top-column elementor-element elementor-element-4a6ab71\" data-id=\"4a6ab71\" data-element_type=\"column\">\n\t\t\t<div class=\"elementor-widget-wrap\">\n\t\t\t\t\t\t\t<\/div>\n\t\t<\/div>\n\t\t\t\t\t<\/div>\n\t\t<\/section>\n\t\t\t\t<section class=\"elementor-section elementor-top-section elementor-element elementor-element-b28bf8f elementor-section-height-min-height elementor-section-boxed elementor-section-height-default elementor-section-items-middle\" data-id=\"b28bf8f\" data-element_type=\"section\" data-settings=\"{&quot;background_background&quot;:&quot;classic&quot;}\">\n\t\t\t\t\t\t<div class=\"elementor-container elementor-column-gap-default\">\n\t\t\t\t\t<div class=\"elementor-column elementor-col-100 elementor-top-column elementor-element elementor-element-f69749c\" data-id=\"f69749c\" data-element_type=\"column\">\n\t\t\t<div class=\"elementor-widget-wrap\">\n\t\t\t\t\t\t\t<\/div>\n\t\t<\/div>\n\t\t\t\t\t<\/div>\n\t\t<\/section>\n\t\t\t\t<section class=\"elementor-section elementor-top-section elementor-element elementor-element-0a44193 elementor-section-boxed elementor-section-height-default elementor-section-height-default\" data-id=\"0a44193\" data-element_type=\"section\">\n\t\t\t\t\t\t<div class=\"elementor-container elementor-column-gap-default\">\n\t\t\t\t\t<div class=\"elementor-column elementor-col-33 elementor-top-column elementor-element elementor-element-4c7d65f\" data-id=\"4c7d65f\" data-element_type=\"column\">\n\t\t\t<div class=\"elementor-widget-wrap\">\n\t\t\t\t\t\t\t<\/div>\n\t\t<\/div>\n\t\t\t\t<div class=\"elementor-column elementor-col-33 elementor-top-column elementor-element elementor-element-8f1bcd9\" data-id=\"8f1bcd9\" data-element_type=\"column\">\n\t\t\t<div class=\"elementor-widget-wrap elementor-element-populated\">\n\t\t\t\t\t\t<div class=\"elementor-element elementor-element-e1b2a64 elementor-widget elementor-widget-heading\" data-id=\"e1b2a64\" data-element_type=\"widget\" data-widget_type=\"heading.default\">\n\t\t\t\t<div class=\"elementor-widget-container\">\n\t\t\t\t\t<h2 class=\"elementor-heading-title elementor-size-default\">Servicio de consejer\u00eda<\/h2>\t\t\t\t<\/div>\n\t\t\t\t<\/div>\n\t\t\t\t<div class=\"elementor-element elementor-element-c0ecdb5 elementor-widget elementor-widget-text-editor\" data-id=\"c0ecdb5\" data-element_type=\"widget\" data-widget_type=\"text-editor.default\">\n\t\t\t\t<div class=\"elementor-widget-container\">\n\t\t\t\t\t\t\t\t\t\u00bfSe ha enfrentado al desaf\u00edo de identificar el producto y la especificaci\u00f3n \u00f3ptimos para la aplicaci\u00f3n, con acceso limitado a la experiencia del dominio interno?\t\t\t\t\t\t\t\t<\/div>\n\t\t\t\t<\/div>\n\t\t\t\t<div class=\"elementor-element elementor-element-b8f6ff3 elementor-widget elementor-widget-text-editor\" data-id=\"b8f6ff3\" data-element_type=\"widget\" data-widget_type=\"text-editor.default\">\n\t\t\t\t<div class=\"elementor-widget-container\">\n\t\t\t\t\t\t\t\t\t<p>Antofanor es un socio cualificado e imparcial, independientemente de si se trata de v\u00e1lvulas, bombas, herramientas de medici\u00f3n o mangueras. Ofrecemos orientaci\u00f3n neutral respecto de la marca, evaluando diversas alternativas para encontrar las soluciones m\u00e1s adecuadas y adaptadas a necesidades espec\u00edficas. Con d\u00e9cadas de experiencia obtenida inicialmente en las industrias de minerales, petr\u00f3leo y gas, hemos ampliado nuestra experiencia para abarcar los sectores e\u00f3lico marino, marino, GNL y petroqu\u00edmico.<\/p>\t\t\t\t\t\t\t\t<\/div>\n\t\t\t\t<\/div>\n\t\t\t\t\t<\/div>\n\t\t<\/div>\n\t\t\t\t<div class=\"elementor-column elementor-col-33 elementor-top-column elementor-element elementor-element-994101c\" data-id=\"994101c\" data-element_type=\"column\">\n\t\t\t<div class=\"elementor-widget-wrap\">\n\t\t\t\t\t\t\t<\/div>\n\t\t<\/div>\n\t\t\t\t\t<\/div>\n\t\t<\/section>\n\t\t\t\t<section class=\"elementor-section elementor-top-section elementor-element elementor-element-15488ad elementor-section-boxed elementor-section-height-default elementor-section-height-default\" data-id=\"15488ad\" data-element_type=\"section\">\n\t\t\t\t\t\t<div class=\"elementor-container elementor-column-gap-default\">\n\t\t\t\t\t<div class=\"elementor-column elementor-col-33 elementor-top-column elementor-element elementor-element-2e417a1\" data-id=\"2e417a1\" data-element_type=\"column\">\n\t\t\t<div class=\"elementor-widget-wrap\">\n\t\t\t\t\t\t\t<\/div>\n\t\t<\/div>\n\t\t\t\t<div class=\"elementor-column elementor-col-33 elementor-top-column elementor-element elementor-element-20ac4a3\" data-id=\"20ac4a3\" data-element_type=\"column\">\n\t\t\t<div class=\"elementor-widget-wrap elementor-element-populated\">\n\t\t\t\t\t\t<div class=\"elementor-element elementor-element-38a1666 elementor-widget elementor-widget-heading\" data-id=\"38a1666\" data-element_type=\"widget\" data-widget_type=\"heading.default\">\n\t\t\t\t<div class=\"elementor-widget-container\">\n\t\t\t\t\t<h2 class=\"elementor-heading-title elementor-size-default\">Abastecimiento<\/h2>\t\t\t\t<\/div>\n\t\t\t\t<\/div>\n\t\t\t\t<div class=\"elementor-element elementor-element-1dbd2e0 elementor-widget elementor-widget-text-editor\" data-id=\"1dbd2e0\" data-element_type=\"widget\" data-widget_type=\"text-editor.default\">\n\t\t\t\t<div class=\"elementor-widget-container\">\n\t\t\t\t\t\t\t\t\t<p>\u00bfAlguna vez ha experimentado el desaf\u00edo de atravesar una densa jungla en busca de un fabricante de v\u00e1lvulas que cumpla con los requisitos para una dimensi\u00f3n y calidad de material precisas? \u00bfO adquirir mangueras de carga a granel que cumplan con los est\u00e1ndares G-OMO? \u00bfQu\u00e9 tal establecer un sistema de medici\u00f3n, muestreo y an\u00e1lisis en l\u00ednea para garantizar el desempe\u00f1o fiscal?<\/p>\t\t\t\t\t\t\t\t<\/div>\n\t\t\t\t<\/div>\n\t\t\t\t<div class=\"elementor-element elementor-element-d4c1dbe elementor-widget elementor-widget-text-editor\" data-id=\"d4c1dbe\" data-element_type=\"widget\" data-widget_type=\"text-editor.default\">\n\t\t\t\t<div class=\"elementor-widget-container\">\n\t\t\t\t\t\t\t\t\t<p>Antofanor aborda constantemente los desaf\u00edos de abastecimiento d\u00eda tras d\u00eda. A trav\u00e9s de nuestra amplia y meticulosamente mantenida red de fabricantes y proveedores, monitoreamos continuamente la calidad y el desempe\u00f1o de las entregas, rastreamos la evoluci\u00f3n de los precios, evaluamos la utilizaci\u00f3n de la capacidad y llevamos a cabo expediciones in situ. Nuestros clientes obtienen los frutos de nuestras extensas actividades comerciales diarias en el mercado, garantizando soluciones de abastecimiento eficientes y efectivas.<\/p>\t\t\t\t\t\t\t\t<\/div>\n\t\t\t\t<\/div>\n\t\t\t\t\t<\/div>\n\t\t<\/div>\n\t\t\t\t<div class=\"elementor-column elementor-col-33 elementor-top-column elementor-element elementor-element-1868fda\" data-id=\"1868fda\" data-element_type=\"column\">\n\t\t\t<div class=\"elementor-widget-wrap\">\n\t\t\t\t\t\t\t<\/div>\n\t\t<\/div>\n\t\t\t\t\t<\/div>\n\t\t<\/section>\n\t\t\t\t<section class=\"elementor-section elementor-top-section elementor-element elementor-element-2716254 elementor-section-boxed elementor-section-height-default elementor-section-height-default\" data-id=\"2716254\" data-element_type=\"section\">\n\t\t\t\t\t\t<div class=\"elementor-container elementor-column-gap-default\">\n\t\t\t\t\t<div class=\"elementor-column elementor-col-100 elementor-top-column elementor-element elementor-element-7a21858\" data-id=\"7a21858\" data-element_type=\"column\" data-settings=\"{&quot;background_background&quot;:&quot;classic&quot;}\">\n\t\t\t<div class=\"elementor-widget-wrap elementor-element-populated\">\n\t\t\t\t\t\t<section class=\"elementor-section elementor-inner-section elementor-element elementor-element-aa16a4f elementor-section-boxed elementor-section-height-default elementor-section-height-default\" data-id=\"aa16a4f\" data-element_type=\"section\">\n\t\t\t\t\t\t<div class=\"elementor-container elementor-column-gap-default\">\n\t\t\t\t\t<div class=\"elementor-column elementor-col-100 elementor-inner-column elementor-element elementor-element-c8a00ae\" data-id=\"c8a00ae\" data-element_type=\"column\">\n\t\t\t<div class=\"elementor-widget-wrap elementor-element-populated\">\n\t\t\t\t\t\t<div class=\"elementor-element elementor-element-3fde50a elementor-widget__width-auto elementor-widget elementor-widget-heading\" data-id=\"3fde50a\" data-element_type=\"widget\" data-widget_type=\"heading.default\">\n\t\t\t\t<div class=\"elementor-widget-container\">\n\t\t\t\t\t<div class=\"elementor-heading-title elementor-size-default\">Gesti\u00f3n del ciclo de vida<\/div>\t\t\t\t<\/div>\n\t\t\t\t<\/div>\n\t\t\t\t\t<\/div>\n\t\t<\/div>\n\t\t\t\t\t<\/div>\n\t\t<\/section>\n\t\t\t\t<section class=\"elementor-section elementor-inner-section elementor-element elementor-element-1bcc5b8 elementor-section-boxed elementor-section-height-default elementor-section-height-default\" data-id=\"1bcc5b8\" data-element_type=\"section\">\n\t\t\t\t\t\t<div class=\"elementor-container elementor-column-gap-default\">\n\t\t\t\t\t<div class=\"elementor-column elementor-col-100 elementor-inner-column elementor-element elementor-element-0f4de8c\" data-id=\"0f4de8c\" data-element_type=\"column\">\n\t\t\t<div class=\"elementor-widget-wrap elementor-element-populated\">\n\t\t\t\t\t\t<div class=\"elementor-element elementor-element-ad298dd elementor-widget elementor-widget-heading\" data-id=\"ad298dd\" data-element_type=\"widget\" data-widget_type=\"heading.default\">\n\t\t\t\t<div class=\"elementor-widget-container\">\n\t\t\t\t\t<h2 class=\"elementor-heading-title elementor-size-default\">\u00bfLE ENCUENTRA DIF\u00cdCIL DISE\u00d1AR UN PROGRAMA DE MANTENIMIENTO QUE ESTABLEZCA LOS MEJORES INTERVALOS PARA EL MANTENIMIENTO PREVENTIVO?<\/h2>\t\t\t\t<\/div>\n\t\t\t\t<\/div>\n\t\t\t\t\t<\/div>\n\t\t<\/div>\n\t\t\t\t\t<\/div>\n\t\t<\/section>\n\t\t\t\t<section class=\"elementor-section elementor-inner-section elementor-element elementor-element-6e62ce3 elementor-section-content-middle elementor-section-boxed elementor-section-height-default elementor-section-height-default\" data-id=\"6e62ce3\" data-element_type=\"section\">\n\t\t\t\t\t\t<div class=\"elementor-container elementor-column-gap-default\">\n\t\t\t\t\t<div class=\"elementor-column elementor-col-50 elementor-inner-column elementor-element elementor-element-ac66f6f\" data-id=\"ac66f6f\" data-element_type=\"column\">\n\t\t\t<div class=\"elementor-widget-wrap elementor-element-populated\">\n\t\t\t\t\t\t<div class=\"elementor-element elementor-element-4b4611b elementor-widget elementor-widget-text-editor\" data-id=\"4b4611b\" data-element_type=\"widget\" data-widget_type=\"text-editor.default\">\n\t\t\t\t<div class=\"elementor-widget-container\">\n\t\t\t\t\t\t\t\t\t<p>Comun\u00edquese con Antofanor para obtener una soluci\u00f3n integral. Como socio dedicado durante todo el ciclo de vida de productos y sistemas, priorizamos el compromiso activo con nuestros clientes, garantizando el mayor tiempo de actividad operativa para nuestros productos y sistemas entregados.<\/p><p>Nuestro compromiso con la digitalizaci\u00f3n nos dota de diversas capacidades. Desde la impresi\u00f3n 3D localizada de piezas de repuesto hasta el empleo de Trust Portals basados en blockchain para una trazabilidad segura de los certificados y la implementaci\u00f3n de programas como Active Hose Management y Total Valve Maintenance, aprovechamos la tecnolog\u00eda para mejorar la eficiencia.<\/p><p>Con talleres bien equipados, amplios stocks de repuestos y un grupo de ingenieros de servicio certificados y con capacitaci\u00f3n cruzada, garantizamos una verificaci\u00f3n, mantenimiento y reparaci\u00f3n de integridad eficientes, ya sea que se realicen en sitio o internamente, y que abarcan toda nuestra gama de productos.<\/p>\t\t\t\t\t\t\t\t<\/div>\n\t\t\t\t<\/div>\n\t\t\t\t\t<\/div>\n\t\t<\/div>\n\t\t\t\t<div class=\"elementor-column elementor-col-50 elementor-inner-column elementor-element elementor-element-62e666f\" data-id=\"62e666f\" data-element_type=\"column\" data-settings=\"{&quot;background_background&quot;:&quot;classic&quot;}\">\n\t\t\t<div class=\"elementor-widget-wrap elementor-element-populated\">\n\t\t\t\t\t\t<div class=\"elementor-element elementor-element-05fc571 elementor-widget elementor-widget-text-editor\" data-id=\"05fc571\" data-element_type=\"widget\" data-widget_type=\"text-editor.default\">\n\t\t\t\t<div class=\"elementor-widget-container\">\n\t\t\t\t\t\t\t\t\tGesti\u00f3n del ciclo de vida\t\t\t\t\t\t\t\t<\/div>\n\t\t\t\t<\/div>\n\t\t\t\t<div class=\"elementor-element elementor-element-33d852e elementor-icon-list--layout-traditional elementor-list-item-link-full_width elementor-widget elementor-widget-icon-list\" data-id=\"33d852e\" data-element_type=\"widget\" data-widget_type=\"icon-list.default\">\n\t\t\t\t<div class=\"elementor-widget-container\">\n\t\t\t\t\t\t\t<ul class=\"elementor-icon-list-items\">\n\t\t\t\t\t\t\t<li class=\"elementor-icon-list-item\">\n\t\t\t\t\t\t\t\t\t\t\t<span class=\"elementor-icon-list-icon\">\n\t\t\t\t\t\t\t<i aria-hidden=\"true\" class=\"fas fa-square-full\"><\/i>\t\t\t\t\t\t<\/span>\n\t\t\t\t\t\t\t\t\t\t<span class=\"elementor-icon-list-text\">Gesti\u00f3n activa de mangueras<\/span>\n\t\t\t\t\t\t\t\t\t<\/li>\n\t\t\t\t\t\t\t\t<li class=\"elementor-icon-list-item\">\n\t\t\t\t\t\t\t\t\t\t\t<span class=\"elementor-icon-list-icon\">\n\t\t\t\t\t\t\t<i aria-hidden=\"true\" class=\"fas fa-square-full\"><\/i>\t\t\t\t\t\t<\/span>\n\t\t\t\t\t\t\t\t\t\t<span class=\"elementor-icon-list-text\">Mantenimiento preventivo<\/span>\n\t\t\t\t\t\t\t\t\t<\/li>\n\t\t\t\t\t\t\t\t<li class=\"elementor-icon-list-item\">\n\t\t\t\t\t\t\t\t\t\t\t<span class=\"elementor-icon-list-icon\">\n\t\t\t\t\t\t\t<i aria-hidden=\"true\" class=\"fas fa-square-full\"><\/i>\t\t\t\t\t\t<\/span>\n\t\t\t\t\t\t\t\t\t\t<span class=\"elementor-icon-list-text\">Gesti\u00f3n total de v\u00e1lvulas<\/span>\n\t\t\t\t\t\t\t\t\t<\/li>\n\t\t\t\t\t\t\t\t<li class=\"elementor-icon-list-item\">\n\t\t\t\t\t\t\t\t\t\t\t<span class=\"elementor-icon-list-icon\">\n\t\t\t\t\t\t\t<i aria-hidden=\"true\" class=\"fas fa-square-full\"><\/i>\t\t\t\t\t\t<\/span>\n\t\t\t\t\t\t\t\t\t\t<span class=\"elementor-icon-list-text\">Servicio y reparaci\u00f3n de productos.<\/span>\n\t\t\t\t\t\t\t\t\t<\/li>\n\t\t\t\t\t\t<\/ul>\n\t\t\t\t\t\t<\/div>\n\t\t\t\t<\/div>\n\t\t\t\t\t<\/div>\n\t\t<\/div>\n\t\t\t\t\t<\/div>\n\t\t<\/section>\n\t\t\t\t\t<\/div>\n\t\t<\/div>\n\t\t\t\t\t<\/div>\n\t\t<\/section>\n\t\t\t\t<\/div>","protected":false},"excerpt":{"rendered":"<p>Services &#038; Solutions Advisory service | Sourcing | Lifecycle management | Engineering Leveraging Antofanor&#8217;s expertise, extensive network of reputable manufacturers, and innovative systems, we offer impartial advice and top-notch engineering services to our customers during concept, product, and system evaluation stages. Our adept navigation through supplier landscapes ensures efficient sourcing, and we remain actively engaged [&hellip;]<\/p>","protected":false},"author":3,"featured_media":0,"parent":0,"menu_order":0,"comment_status":"closed","ping_status":"closed","template":"","meta":{"footnotes":""},"class_list":["post-161","page","type-page","status-publish","hentry"],"_links":{"self":[{"href":"https:\/\/antofanor.cl\/es\/wp-json\/wp\/v2\/pages\/161","targetHints":{"allow":["GET"]}}],"collection":[{"href":"https:\/\/antofanor.cl\/es\/wp-json\/wp\/v2\/pages"}],"about":[{"href":"https:\/\/antofanor.cl\/es\/wp-json\/wp\/v2\/types\/page"}],"author":[{"embeddable":true,"href":"https:\/\/antofanor.cl\/es\/wp-json\/wp\/v2\/users\/3"}],"replies":[{"embeddable":true,"href":"https:\/\/antofanor.cl\/es\/wp-json\/wp\/v2\/comments?post=161"}],"version-history":[{"count":24,"href":"https:\/\/antofanor.cl\/es\/wp-json\/wp\/v2\/pages\/161\/revisions"}],"predecessor-version":[{"id":690,"href":"https:\/\/antofanor.cl\/es\/wp-json\/wp\/v2\/pages\/161\/revisions\/690"}],"wp:attachment":[{"href":"https:\/\/antofanor.cl\/es\/wp-json\/wp\/v2\/media?parent=161"}],"curies":[{"name":"wp","href":"https:\/\/api.w.org\/{rel}","templated":true}]}}