{"id":3,"date":"2022-10-20T09:38:34","date_gmt":"2022-10-20T09:38:34","guid":{"rendered":"http:\/\/antofanor.cl\/?page_id=3"},"modified":"2023-05-26T22:30:23","modified_gmt":"2023-05-26T22:30:23","slug":"privacy-policy","status":"publish","type":"page","link":"https:\/\/antofanor.cl\/es\/privacy-policy\/","title":{"rendered":"pol\u00edtica de privacidad"},"content":{"rendered":"<div data-elementor-type=\"wp-page\" data-elementor-id=\"3\" class=\"elementor elementor-3\" data-elementor-post-type=\"page\">\n\t\t\t\t\t\t<section class=\"elementor-section elementor-top-section elementor-element elementor-element-95771cc elementor-section-content-middle elementor-section-boxed elementor-section-height-default elementor-section-height-default\" data-id=\"95771cc\" data-element_type=\"section\" data-settings=\"{&quot;background_background&quot;:&quot;classic&quot;}\">\n\t\t\t\t\t\t<div class=\"elementor-container elementor-column-gap-wider\">\n\t\t\t\t\t<div class=\"elementor-column elementor-col-100 elementor-top-column elementor-element elementor-element-efbc988\" data-id=\"efbc988\" data-element_type=\"column\">\n\t\t\t<div class=\"elementor-widget-wrap elementor-element-populated\">\n\t\t\t\t\t\t<div class=\"elementor-element elementor-element-1d90c2c elementor-widget elementor-widget-heading\" data-id=\"1d90c2c\" data-element_type=\"widget\" data-widget_type=\"heading.default\">\n\t\t\t\t<div class=\"elementor-widget-container\">\n\t\t\t\t\t<h1 class=\"elementor-heading-title elementor-size-default\">pol\u00edtica de privacidad<\/h1>\t\t\t\t<\/div>\n\t\t\t\t<\/div>\n\t\t\t\t\t<\/div>\n\t\t<\/div>\n\t\t\t\t\t<\/div>\n\t\t<\/section>\n\t\t\t\t<section class=\"elementor-section elementor-top-section elementor-element elementor-element-cf3ce26 elementor-section-boxed elementor-section-height-default elementor-section-height-default\" data-id=\"cf3ce26\" data-element_type=\"section\">\n\t\t\t\t\t\t<div class=\"elementor-container elementor-column-gap-default\">\n\t\t\t\t\t<div class=\"elementor-column elementor-col-100 elementor-top-column elementor-element elementor-element-bce9372\" data-id=\"bce9372\" data-element_type=\"column\">\n\t\t\t<div class=\"elementor-widget-wrap elementor-element-populated\">\n\t\t\t\t\t\t<div class=\"elementor-element elementor-element-fed8371 elementor-widget elementor-widget-text-editor\" data-id=\"fed8371\" data-element_type=\"widget\" data-widget_type=\"text-editor.default\">\n\t\t\t\t<div class=\"elementor-widget-container\">\n\t\t\t\t\t\t\t\t\t<p><strong>Aviso Legal <\/strong><\/p>\n<p>El uso de este sitio y los t\u00e9rminos y condiciones para el suministro de informaci\u00f3n se rigen por este Aviso legal. Al usar este sitio, usted reconoce que acepta y estar\u00e1 sujeto a los t\u00e9rminos del mismo.<\/p>\n<p><strong>Tu privacidad <\/strong><\/p>\n<p>Estamos comprometidos con la privacidad y confidencialidad de la informaci\u00f3n que usted nos proporciona. Esta pol\u00edtica de privacidad describe nuestras pol\u00edticas y pr\u00e1cticas actuales con respecto a los datos personales que recopilamos de usted directamente y\/o a trav\u00e9s del sitio web.<\/p>\n<p>La informaci\u00f3n que recopilamos de usted, cuando eligi\u00f3 proporcionarnosla, nos permite enviarle informaci\u00f3n sobre productos y servicios en los que registra un inter\u00e9s. Esta informaci\u00f3n podr\u00e1 ser proporcionada a las empresas del grupo Antofanor para este fin.&nbsp;<\/p>\n<p>Ning\u00fan dato personal ser\u00e1 recolectado ni almacenado autom\u00e1ticamente y no ser\u00e1 compartido con terceros externos, ya sea en Chile o en cualquier otro lugar. Bajo ninguna circunstancia daremos su nombre, correo electr\u00f3nico o direcci\u00f3n postal a ninguna organizaci\u00f3n privada, comercial o de otro tipo, excepto para cumplir con nuestros pedidos o para satisfacer una solicitud. No almacenaremos sus datos personales m\u00e1s tiempo del necesario para llevar a cabo el prop\u00f3sito del procesamiento.&nbsp;<\/p>\n<p><strong>Navegaci\u00f3n por el sitio web y uso de cookies <\/strong><\/p>\n<p>La navegaci\u00f3n por los sitios operados por el grupo Antofanor es an\u00f3nima, excepto cuando nos proporcione informaci\u00f3n sobre usted al registrar un inter\u00e9s en nuestros productos y servicios. Parte de la informaci\u00f3n se registrar\u00e1 autom\u00e1ticamente cuando navegue por los sitios web para leer p\u00e1ginas, ver im\u00e1genes y descargar informaci\u00f3n. Esta informaci\u00f3n registrada autom\u00e1ticamente no lo identificar\u00e1 personalmente y solo se utilizar\u00e1 para (1) la administraci\u00f3n del sitio y (2), en el caso de sospecha de actividad no autorizada, para la aplicaci\u00f3n de la ley y un posible proceso penal.<\/p>\n<p>Los sitios web del grupo Antofanor registran autom\u00e1ticamente la informaci\u00f3n de los visitantes a partir de la cual se crean estad\u00edsticas resumidas. Usamos las estad\u00edsticas resumidas para ayudarnos a hacer que nuestro sitio sea m\u00e1s \u00fatil para los visitantes, como evaluar qu\u00e9 informaci\u00f3n es de mayor y menor inter\u00e9s para los visitantes, y para otros fines, como determinar las especificaciones de dise\u00f1o t\u00e9cnico del sitio e identificar el rendimiento del sistema o las \u00e1reas problem\u00e1ticas.&nbsp;<\/p>\n<p>Los sitios web del grupo Antofanor utilizan cookies. Una cookie es un peque\u00f1o archivo de letras y n\u00fameros que colocamos en su computadora si est\u00e1 de acuerdo. Estas cookies nos permiten distinguirlo de otros usuarios del sitio web, lo que nos ayuda a brindarle una buena experiencia cuando navega por nuestro sitio web y tambi\u00e9n nos permite mejorar nuestro sitio.<\/p>\n<p>Las cookies que utilizamos son cookies 'anal\u00edticas'. Nos permiten reconocer y contar el n\u00famero de visitantes y ver c\u00f3mo se mueven los visitantes por el sitio cuando lo est\u00e1n utilizando. Esto nos ayuda a mejorar la forma en que funciona nuestro sitio web, por ejemplo, asegur\u00e1ndonos de que los usuarios encuentren lo que necesitan f\u00e1cilmente.&nbsp;<\/p>\n<p>Cuando visita un sitio web del grupo Antofanor, los siguientes tipos de informaci\u00f3n se recopilan y almacenan autom\u00e1ticamente en una cookie que se rastrea y analiza mediante Google Analytics:&nbsp;<\/p>\n<ul>\n<li>el dominio de Internet y la direcci\u00f3n de Protocolo de Internet (IP) desde la que accede a nuestro sitio web;&nbsp;<\/li>\n<li>el tipo de navegador de Internet y el sistema operativo de la computadora que utiliza para acceder a nuestro sitio;&nbsp;<\/li>\n<li>la fecha y hora en que visita nuestro sitio;&nbsp;<\/li>\n<li>las p\u00e1ginas que visita en nuestro sitio;&nbsp;<\/li>\n<li>si se vincul\u00f3 a nuestro sitio web desde otro sitio web, la direcci\u00f3n de ese sitio web;&nbsp;<\/li>\n<li>si se vincul\u00f3 a nuestro sitio web desde un sitio web de b\u00fasqueda, la direcci\u00f3n de ese sitio web y el t\u00e9rmino de b\u00fasqueda que utiliz\u00f3.<\/li><\/ul>\n<div>&nbsp;<\/div>\n<p><strong>Env\u00edo de correos electr\u00f3nicos a Grupo Antofanor a trav\u00e9s de los sitios web de Grupo Antofanor<\/strong><\/p>\n<p>Si elige enviar una pregunta o comentario por correo electr\u00f3nico y proporcionarnos su nombre y correo electr\u00f3nico o direcci\u00f3n postal, utilizaremos esa informaci\u00f3n solo para responder a su pregunta o comentario y para ponernos en contacto con usted con respecto a la servicios en nuestro sitio por los cuales ha expresado inter\u00e9s.&nbsp;<\/p>\n<p>A menos que indique lo contrario, recopilamos su informaci\u00f3n solo con el fin de responder a su pregunta o tratar su comentario y para permitir que el grupo Antofanor se comunique con usted con respecto a los servicios en nuestro sitio por los cuales ha expresado su inter\u00e9s.&nbsp;<\/p>\n<p><strong>Seguridad&nbsp;<\/strong><\/p>\n<p>Este sitio web toma todas las precauciones para proteger la informaci\u00f3n de nuestros usuarios.<\/p>\n<p>Desafortunadamente, no se puede garantizar que la transmisi\u00f3n de datos a trav\u00e9s de Internet sea 100% segura. En consecuencia, a pesar de nuestros esfuerzos para proteger su informaci\u00f3n personal, el grupo Antofanor no puede asegurar ni garantizar la seguridad de ninguna informaci\u00f3n que nos transmita, o hacia o desde nuestros productos o servicios en l\u00ednea. Usted transmite toda esa informaci\u00f3n bajo su propio riesgo. Sin embargo, una vez que recibimos su transmisi\u00f3n, hacemos nuestro mejor esfuerzo para garantizar su seguridad en nuestro sistema.<\/p>\n<p>La pol\u00edtica de Grupo Antofanor no se extiende a nada que sea inherente al funcionamiento de Internet y, por lo tanto, m\u00e1s all\u00e1 del control de Grupo Antofanor, y no debe aplicarse de ninguna manera contraria a la ley aplicable o la regulaci\u00f3n gubernamental.<\/p>\n<p>Por motivos de seguridad del sitio y para garantizar que este sitio web permanezca disponible para todos los usuarios, el grupo Antofanor monitorea el tr\u00e1fico de la red para identificar intentos no autorizados de cargar o cambiar informaci\u00f3n o para causar da\u00f1os al sitio. Cualquiera que utilice este sitio web consiente expresamente dicho seguimiento por motivos de seguridad.<\/p>\n<p>Los intentos no autorizados de modificar cualquier informaci\u00f3n almacenada en este sistema, de anular o eludir las funciones de seguridad, o de utilizar este sistema para fines distintos a los previstos, est\u00e1n prohibidos y pueden dar lugar a acciones penales.<\/p>\n<p>Si el monitoreo revela evidencia de una posible actividad delictiva, dicha evidencia puede ser entregada a las autoridades correspondientes.<\/p>\n<p><strong> Declaraci\u00f3n de derechos de autor <\/strong><\/p>\n<p>Todo el contenido dentro de los sitios web del grupo Antofanor es propiedad del grupo Antofanor a menos que se indique lo contrario. Reservados todos los derechos. Ninguna parte de este sitio web puede ser reproducida, transmitida o copiada de ninguna forma ni por ning\u00fan medio sin el consentimiento previo por escrito del grupo Antofanor, pero puede descargar cualquier informaci\u00f3n as\u00ed proporcionada para su uso gratuito.<\/p>\n<p><strong>Descargo de responsabilidad <\/strong><\/p>\n<p>Se hace todo lo posible para proporcionar informaci\u00f3n precisa y completa. Sin embargo, no podemos garantizar que no habr\u00e1 errores. Grupo Antofanor no hace afirmaciones, promesas o garant\u00edas sobre la exactitud, integridad o adecuaci\u00f3n de los contenidos de estos sitios web y renuncia expresamente a la responsabilidad por errores y omisiones en los contenidos de estos sitios web.<\/p>\n<p>Con respecto al contenido de los sitios web del grupo Antofanor, ni el grupo Antofanor, ni sus empleados o contratistas otorgan ninguna garant\u00eda, expresa o impl\u00edcita o estatutaria, incluidas, entre otras, las garant\u00edas de no violaci\u00f3n de los derechos, t\u00edtulos y derechos de terceros. las garant\u00edas de comerciabilidad e idoneidad para un prop\u00f3sito particular con respecto al contenido disponible en los sitios web del grupo Antofanor u otros recursos de Internet vinculados desde \u00e9l. Grupo Antofanor tampoco asume ninguna responsabilidad legal por cualquier p\u00e9rdida o da\u00f1o directo, indirecto o de cualquier otro tipo por la precisi\u00f3n, integridad o utilidad de cualquier informaci\u00f3n, producto o proceso divulgado en este documento, ni la ausencia de virus inform\u00e1ticos, y no representa que el uso de dicha informaci\u00f3n, producto o proceso no infringir\u00eda los derechos de propiedad privada.<\/p>\n<p><strong> Descargo de responsabilidad de respaldo<\/strong><\/p>\n<p>Los documentos publicados en estas p\u00e1ginas web pueden contener enlaces de hipertexto o punteros a informaci\u00f3n creada y mantenida por otras organizaciones p\u00fablicas y privadas. Estos enlaces y punteros se proporcionan para la comodidad de los visitantes. Grupo Antofanor no garantiza la exactitud, relevancia, oportunidad o integridad de cualquier informaci\u00f3n vinculada. Adem\u00e1s, la inclusi\u00f3n de enlaces o punteros a sitios web que no sean los sitios web del grupo Antofanor no pretende asignar importancia a esos sitios y la informaci\u00f3n contenida en ellos, ni pretende respaldar, recomendar o favorecer las opiniones expresadas o los productos comerciales. o servicios ofrecidos en estos sitios externos, o las organizaciones que patrocinan los sitios, por nombre comercial, marca comercial, fabricante o de otra manera.<\/p>\n<p>La referencia en todos los sitios web del grupo Antofanor a cualquier producto o servicio comercial espec\u00edfico, o el uso de cualquier nombre comercial, de empresa o de corporaci\u00f3n es para la informaci\u00f3n y conveniencia de los visitantes del sitio, y no constituye respaldo, recomendaci\u00f3n o favoritismo por parte de Antofanor. grupo. Los puntos de vista y opiniones de los autores expresados en este documento no necesariamente declaran o reflejan los del grupo Antofanor, y no se utilizar\u00e1n con fines publicitarios o de promoci\u00f3n de productos.<\/p>\n<p><strong> Informaci\u00f3n sobre todos los visitantes<\/strong><\/p>\n<p>En general, recopilamos informaci\u00f3n sobre todos nuestros usuarios colectivamente, como qu\u00e9 \u00e1reas visitan los usuarios con m\u00e1s frecuencia y a qu\u00e9 servicios acceden m\u00e1s los usuarios. Solo utilizamos dichos datos en conjunto.<\/p>\n<p>Esta informaci\u00f3n nos ayuda a determinar qu\u00e9 es lo m\u00e1s beneficioso para los usuarios y c\u00f3mo podemos crear continuamente una mejor experiencia general para nuestros usuarios.<\/p>\n<p><strong>Informaci\u00f3n sobre usted espec\u00edficamente<\/strong><\/p>\n<p>No recopilamos informaci\u00f3n a nivel individual excepto para los fines descritos anteriormente (cumplir un pedido, suministrar una solicitud, seguridad, etc.)<\/p>\n<p><strong> Divulgaci\u00f3n de informaci\u00f3n general <\/strong><\/p>\n<p>No divulgamos informaci\u00f3n sobre sus visitas individuales a los sitios web del grupo Antofanor, o la informaci\u00f3n personal que usted proporciona, como su nombre, direcci\u00f3n, etc., a terceros, excepto cuando creemos que la ley lo exige.<\/p>\n<p><strong> Comentario<\/strong><\/p>\n<p>Puede enviar sus comentarios a nuestra direcci\u00f3n de correo electr\u00f3nico general post@antofanor.cl. Cualquier comentario que se env\u00ede a trav\u00e9s de esta \u00e1rea pasa a ser propiedad del grupo Antofanor. Podemos utilizar estos comentarios, como historias de \u00e9xito, con fines de marketing o para comunicarnos con usted para obtener m\u00e1s comentarios sobre el sitio.<\/p>\n<p><strong> Notificaci\u00f3n de Cambios <\/strong><\/p>\n<p>Si decidimos cambiar nuestra pol\u00edtica de privacidad, publicaremos esos cambios en nuestra p\u00e1gina de inicio para que nuestros usuarios est\u00e9n siempre al tanto de qu\u00e9 informaci\u00f3n recopilamos, c\u00f3mo la usamos y, bajo circunstancias, si las hay, la divulgamos. Si en alg\u00fan momento decidimos utilizar la informaci\u00f3n de identificaci\u00f3n personal de una manera diferente a la establecida en el momento en que se recopil\u00f3, se lo notificaremos a los usuarios por medio de un correo electr\u00f3nico. Los usuarios tendr\u00e1n la opci\u00f3n de usar o no su informaci\u00f3n de esta manera diferente. Usaremos la informaci\u00f3n de acuerdo con la pol\u00edtica de privacidad bajo la cual se recopil\u00f3 la informaci\u00f3n.<\/p>\n<p>Si, en cualquier momento, tiene preguntas o inquietudes sobre nuestro compromiso con la pol\u00edtica de privacidad, no dude en enviarnos un correo electr\u00f3nico a post@antofanor.cl.<\/p>\t\t\t\t\t\t\t\t<\/div>\n\t\t\t\t<\/div>\n\t\t\t\t\t<\/div>\n\t\t<\/div>\n\t\t\t\t\t<\/div>\n\t\t<\/section>\n\t\t\t\t<\/div>","protected":false},"excerpt":{"rendered":"<p>Privacy Policy Legal Notice The use of this site, and the terms and conditions for our providing of information, is governed by this Legal notice. By using this site, you acknowledge that you accept and will be bound by the terms hereof. Your Privacy We are committed to the privacy and confidentiality of information provided [&hellip;]<\/p>","protected":false},"author":3,"featured_media":0,"parent":0,"menu_order":0,"comment_status":"closed","ping_status":"open","template":"","meta":{"footnotes":""},"class_list":["post-3","page","type-page","status-publish","hentry"],"_links":{"self":[{"href":"https:\/\/antofanor.cl\/es\/wp-json\/wp\/v2\/pages\/3","targetHints":{"allow":["GET"]}}],"collection":[{"href":"https:\/\/antofanor.cl\/es\/wp-json\/wp\/v2\/pages"}],"about":[{"href":"https:\/\/antofanor.cl\/es\/wp-json\/wp\/v2\/types\/page"}],"author":[{"embeddable":true,"href":"https:\/\/antofanor.cl\/es\/wp-json\/wp\/v2\/users\/3"}],"replies":[{"embeddable":true,"href":"https:\/\/antofanor.cl\/es\/wp-json\/wp\/v2\/comments?post=3"}],"version-history":[{"count":9,"href":"https:\/\/antofanor.cl\/es\/wp-json\/wp\/v2\/pages\/3\/revisions"}],"predecessor-version":[{"id":607,"href":"https:\/\/antofanor.cl\/es\/wp-json\/wp\/v2\/pages\/3\/revisions\/607"}],"wp:attachment":[{"href":"https:\/\/antofanor.cl\/es\/wp-json\/wp\/v2\/media?parent=3"}],"curies":[{"name":"wp","href":"https:\/\/api.w.org\/{rel}","templated":true}]}}